{"id":7002,"date":"2025-05-09T09:56:29","date_gmt":"2025-05-09T07:56:29","guid":{"rendered":"https:\/\/musee-papeteries-canson-montgolfier.fr\/?page_id=7002"},"modified":"2025-05-09T11:26:03","modified_gmt":"2025-05-09T09:26:03","slug":"museum-access","status":"publish","type":"page","link":"https:\/\/musee-papeteries-canson-montgolfier.fr\/en\/museum-access\/","title":{"rendered":"Museum Access"},"content":{"rendered":"\t\t<div data-elementor-type=\"wp-post\" data-elementor-id=\"7002\" class=\"elementor elementor-7002\">\n\t\t\t\t\t\t<div class=\"elementor-inner\">\n\t\t\t\t<div class=\"elementor-section-wrap\">\n\t\t\t\t\t\t\t\t\t<section class=\"elementor-section elementor-top-section elementor-element elementor-element-526e645f elementor-section-stretched hide_bg_image_on_mobile sc_bg_mask_1 elementor-section-boxed elementor-section-height-default elementor-section-height-default elementor-invisible\" data-id=\"526e645f\" data-element_type=\"section\" data-settings=\"{&quot;stretch_section&quot;:&quot;section-stretched&quot;,&quot;background_background&quot;:&quot;classic&quot;,&quot;animation&quot;:&quot;fadeIn&quot;,&quot;animation_delay&quot;:200}\">\n\t\t\t\t\t\t<div class=\"elementor-container elementor-column-gap-extended\">\n\t\t\t\t\t\t\t<div class=\"elementor-row\">\n\t\t\t\t\t<div class=\"elementor-column elementor-col-100 elementor-top-column elementor-element elementor-element-7178a344 sc_inner_width_none sc_content_align_inherit sc_layouts_column_icons_position_left\" data-id=\"7178a344\" data-element_type=\"column\">\n\t\t\t<div class=\"elementor-column-wrap elementor-element-populated\">\n\t\t\t\t\t\t\t<div class=\"elementor-widget-wrap\">\n\t\t\t\t\t\t<div class=\"elementor-element elementor-element-409d1bf4 animation_type_block sc_fly_static elementor-widget elementor-widget-trx_sc_layouts_title\" data-id=\"409d1bf4\" data-element_type=\"widget\" data-widget_type=\"trx_sc_layouts_title.default\">\n\t\t\t\t<div class=\"elementor-widget-container\">\n\t\t\t<div id=\"trx_sc_layouts_title_1533650241\" class=\"sc_layouts_title sc_align_center  trx_addons_inline_1167978965 with_content without_image without_tint fixed_height\"><div class=\"sc_layouts_title_content\"><div class=\"sc_layouts_title_title\">\t\t\t\t\t\t\t<h1 class=\"sc_layouts_title_caption\">Museum Access<\/h1>\n\t\t\t\t\t\t\t<\/div><\/div><!-- .sc_layouts_title_content --><\/div><!-- \/.sc_layouts_title -->\t\t<\/div>\n\t\t\t\t<\/div>\n\t\t\t\t<div class=\"elementor-element elementor-element-6787379e sc_height_tiny sc_layouts_hide_on_tablet sc_layouts_hide_on_mobile animation_type_block sc_fly_static elementor-widget elementor-widget-spacer\" data-id=\"6787379e\" data-element_type=\"widget\" data-widget_type=\"spacer.default\">\n\t\t\t\t<div class=\"elementor-widget-container\">\n\t\t\t\t\t<div class=\"elementor-spacer\">\n\t\t\t<div class=\"elementor-spacer-inner\"><\/div>\n\t\t<\/div>\n\t\t\t\t<\/div>\n\t\t\t\t<\/div>\n\t\t\t\t\t\t<\/div>\n\t\t\t\t\t<\/div>\n\t\t<\/div>\n\t\t\t\t\t\t\t\t<\/div>\n\t\t\t\t\t<\/div>\n\t\t<\/section>\n\t\t\t\t<section class=\"elementor-section elementor-top-section elementor-element elementor-element-591f0e0 elementor-section-stretched hide_bg_image_on_mobile sc_bg_mask_4 elementor-section-boxed elementor-section-height-default elementor-section-height-default elementor-invisible\" data-id=\"591f0e0\" data-element_type=\"section\" data-settings=\"{&quot;stretch_section&quot;:&quot;section-stretched&quot;,&quot;background_background&quot;:&quot;classic&quot;,&quot;animation&quot;:&quot;fadeIn&quot;,&quot;animation_delay&quot;:200}\">\n\t\t\t\t\t\t<div class=\"elementor-container elementor-column-gap-extended\">\n\t\t\t\t\t\t\t<div class=\"elementor-row\">\n\t\t\t\t\t<div class=\"elementor-column elementor-col-100 elementor-top-column elementor-element elementor-element-714c74be sc_inner_width_none sc_content_align_inherit sc_layouts_column_icons_position_left\" data-id=\"714c74be\" data-element_type=\"column\">\n\t\t\t<div class=\"elementor-column-wrap elementor-element-populated\">\n\t\t\t\t\t\t\t<div class=\"elementor-widget-wrap\">\n\t\t\t\t\t\t<section class=\"elementor-section elementor-inner-section elementor-element elementor-element-16662b5d elementor-section-content-middle elementor-section-boxed elementor-section-height-default elementor-section-height-default\" data-id=\"16662b5d\" data-element_type=\"section\">\n\t\t\t\t\t\t<div class=\"elementor-container elementor-column-gap-no\">\n\t\t\t\t\t\t\t<div class=\"elementor-row\">\n\t\t\t\t\t<div class=\"elementor-column elementor-col-50 elementor-inner-column elementor-element elementor-element-569441eb sc_inner_width_none sc_content_align_inherit sc_layouts_column_icons_position_left\" data-id=\"569441eb\" data-element_type=\"column\">\n\t\t\t<div class=\"elementor-column-wrap elementor-element-populated\">\n\t\t\t\t\t\t\t<div class=\"elementor-widget-wrap\">\n\t\t\t\t\t\t<div class=\"elementor-element elementor-element-2a5980de animation_type_block sc_fly_static elementor-invisible elementor-widget elementor-widget-trx_sc_title\" data-id=\"2a5980de\" data-element_type=\"widget\" data-settings=\"{&quot;_animation&quot;:&quot;fadeIn&quot;,&quot;_animation_delay&quot;:400}\" data-widget_type=\"trx_sc_title.default\">\n\t\t\t\t<div class=\"elementor-widget-container\">\n\t\t\t<div id=\"trx_sc_title_1727762782\"\n\t\tclass=\"sc_title sc_title_default\"><h1 class=\"sc_item_title sc_title_title sc_item_title_style_default sc_item_title_tag\"><span class=\"sc_item_title_text\">To reach the museum<\/span><\/h1><\/div><!-- \/.sc_title -->\t\t<\/div>\n\t\t\t\t<\/div>\n\t\t\t\t<div class=\"elementor-element elementor-element-190ee2b8 sc_height_small animation_type_block sc_fly_static elementor-widget elementor-widget-spacer\" data-id=\"190ee2b8\" data-element_type=\"widget\" data-widget_type=\"spacer.default\">\n\t\t\t\t<div class=\"elementor-widget-container\">\n\t\t\t\t\t<div class=\"elementor-spacer\">\n\t\t\t<div class=\"elementor-spacer-inner\"><\/div>\n\t\t<\/div>\n\t\t\t\t<\/div>\n\t\t\t\t<\/div>\n\t\t\t\t<div class=\"elementor-element elementor-element-1c8812d4 animation_type_block sc_fly_static elementor-invisible elementor-widget elementor-widget-text-editor\" data-id=\"1c8812d4\" data-element_type=\"widget\" data-settings=\"{&quot;_animation&quot;:&quot;fadeIn&quot;,&quot;_animation_delay&quot;:500}\" data-widget_type=\"text-editor.default\">\n\t\t\t\t<div class=\"elementor-widget-container\">\n\t\t\t\t\t\t\t\t<div class=\"elementor-text-editor elementor-clearfix\">\n\t\t\t\t<p>Preferably park cars and buses and motorhomes on the square in front of the church (300 meters after the pre-signpost &#8220;height limited to 3 m&#8221;).<\/p><p>Small VL parking near the museum (P.R.M.).<br \/>Then continue on foot (2 minutes) by the pedestrian path (steep).<br \/>Beyond that, any manoeuvre is difficult.<\/p>\t\t\t\t\t<\/div>\n\t\t\t\t\t\t<\/div>\n\t\t\t\t<\/div>\n\t\t\t\t<div class=\"elementor-element elementor-element-46046607 sc_height_small animation_type_block sc_fly_static elementor-widget elementor-widget-spacer\" data-id=\"46046607\" data-element_type=\"widget\" data-widget_type=\"spacer.default\">\n\t\t\t\t<div class=\"elementor-widget-container\">\n\t\t\t\t\t<div class=\"elementor-spacer\">\n\t\t\t<div class=\"elementor-spacer-inner\"><\/div>\n\t\t<\/div>\n\t\t\t\t<\/div>\n\t\t\t\t<\/div>\n\t\t\t\t\t\t<\/div>\n\t\t\t\t\t<\/div>\n\t\t<\/div>\n\t\t\t\t<div class=\"elementor-column elementor-col-50 elementor-inner-column elementor-element elementor-element-44870b73 sc_inner_width_none sc_content_align_inherit sc_layouts_column_icons_position_left\" data-id=\"44870b73\" data-element_type=\"column\">\n\t\t\t<div class=\"elementor-column-wrap elementor-element-populated\">\n\t\t\t\t\t\t\t<div class=\"elementor-widget-wrap\">\n\t\t\t\t\t\t<div class=\"elementor-element elementor-element-49da93cb animation_type_block sc_fly_static elementor-widget elementor-widget-text-editor\" data-id=\"49da93cb\" data-element_type=\"widget\" data-widget_type=\"text-editor.default\">\n\t\t\t\t<div class=\"elementor-widget-container\">\n\t\t\t\t\t\t\t\t<div class=\"elementor-text-editor elementor-clearfix\">\n\t\t\t\t<p><iframe style=\"border: 0;\" src=\"https:\/\/www.google.com\/maps\/embed?pb=!1m18!1m12!1m3!1d3080.5929991004487!2d4.6786305306220815!3d45.25381145482256!2m3!1f0!2f0!3f0!3m2!1i1024!2i768!4f13.1!3m3!1m2!1s0x47f513bdea388acf%3A0x57d3019c055c573c!2sMus%C3%A9e%20des%20Papeteries%20Canson%20-%20Montgolfier!5e1!3m2!1sfr!2sfr!4v1692794113492!5m2!1sfr!2sfr\" width=\"600\" height=\"450\" allowfullscreen=\"allowfullscreen\"><\/iframe><\/p>\t\t\t\t\t<\/div>\n\t\t\t\t\t\t<\/div>\n\t\t\t\t<\/div>\n\t\t\t\t\t\t<\/div>\n\t\t\t\t\t<\/div>\n\t\t<\/div>\n\t\t\t\t\t\t\t\t<\/div>\n\t\t\t\t\t<\/div>\n\t\t<\/section>\n\t\t\t\t\t\t<\/div>\n\t\t\t\t\t<\/div>\n\t\t<\/div>\n\t\t\t\t\t\t\t\t<\/div>\n\t\t\t\t\t<\/div>\n\t\t<\/section>\n\t\t\t\t<section class=\"elementor-section elementor-top-section elementor-element elementor-element-b57eb53 elementor-section-stretched scheme_dark sc_bg_mask_5 elementor-section-boxed elementor-section-height-default elementor-section-height-default\" data-id=\"b57eb53\" data-element_type=\"section\" data-settings=\"{&quot;stretch_section&quot;:&quot;section-stretched&quot;,&quot;background_background&quot;:&quot;classic&quot;}\">\n\t\t\t\t\t\t<div class=\"elementor-container elementor-column-gap-extended\">\n\t\t\t\t\t\t\t<div class=\"elementor-row\">\n\t\t\t\t\t<div class=\"elementor-column elementor-col-100 elementor-top-column elementor-element elementor-element-597f2e3 sc_inner_width_none sc_content_align_inherit sc_layouts_column_icons_position_left\" data-id=\"597f2e3\" data-element_type=\"column\">\n\t\t\t<div class=\"elementor-column-wrap elementor-element-populated\">\n\t\t\t\t\t\t\t<div class=\"elementor-widget-wrap\">\n\t\t\t\t\t\t<section class=\"elementor-section elementor-inner-section elementor-element elementor-element-369b8f9 elementor-section-content-middle elementor-section-boxed elementor-section-height-default elementor-section-height-default\" data-id=\"369b8f9\" data-element_type=\"section\">\n\t\t\t\t\t\t<div class=\"elementor-container elementor-column-gap-no\">\n\t\t\t\t\t\t\t<div class=\"elementor-row\">\n\t\t\t\t\t<div class=\"elementor-column elementor-col-100 elementor-inner-column elementor-element elementor-element-f7184b6 sc_inner_width_none sc_content_align_inherit sc_layouts_column_icons_position_left\" data-id=\"f7184b6\" data-element_type=\"column\">\n\t\t\t<div class=\"elementor-column-wrap elementor-element-populated\">\n\t\t\t\t\t\t\t<div class=\"elementor-widget-wrap\">\n\t\t\t\t\t\t<div class=\"elementor-element elementor-element-895edf4 animation_type_block sc_fly_static elementor-invisible elementor-widget elementor-widget-trx_sc_title\" data-id=\"895edf4\" data-element_type=\"widget\" data-settings=\"{&quot;_animation&quot;:&quot;fadeIn&quot;,&quot;_animation_delay&quot;:200}\" data-widget_type=\"trx_sc_title.default\">\n\t\t\t\t<div class=\"elementor-widget-container\">\n\t\t\t<div id=\"trx_sc_title_99662412\"\n\t\tclass=\"sc_title sc_title_extra\"><h1 class=\"sc_item_title sc_title_title sc_align_center sc_item_title_style_extra sc_item_title_tag\"><span class=\"sc_item_title_text\">Want to find out more?<\/span><\/h1><\/div><!-- \/.sc_title -->\t\t<\/div>\n\t\t\t\t<\/div>\n\t\t\t\t<div class=\"elementor-element elementor-element-e72a4c7 animation_type_block sc_fly_static elementor-widget elementor-widget-text-editor\" data-id=\"e72a4c7\" data-element_type=\"widget\" data-widget_type=\"text-editor.default\">\n\t\t\t\t<div class=\"elementor-widget-container\">\n\t\t\t\t\t\t\t\t<div class=\"elementor-text-editor elementor-clearfix\">\n\t\t\t\t<p style=\"text-align: center;\"><span style=\"color: #fff; text-align: center;\">So don&#8217;t hesitate to get in touch and pay us a visit!<\/span><\/p>\t\t\t\t\t<\/div>\n\t\t\t\t\t\t<\/div>\n\t\t\t\t<\/div>\n\t\t\t\t<div class=\"elementor-element elementor-element-06c9f5a animation_type_block sc_fly_static elementor-invisible elementor-widget elementor-widget-trx_sc_button\" data-id=\"06c9f5a\" data-element_type=\"widget\" data-settings=\"{&quot;_animation&quot;:&quot;fadeIn&quot;,&quot;_animation_delay&quot;:400}\" data-widget_type=\"trx_sc_button.default\">\n\t\t\t\t<div class=\"elementor-widget-container\">\n\t\t\t<div id=\"trx_sc_button_797522612\"\tclass=\"sc_item_button sc_button_wrap sc_align_center\"><a href=\"https:\/\/musee-papeteries-canson-montgolfier.fr\/en\/contact-et-reservations\/\" class=\"sc_button sc_button_simple sc_button_size_normal sc_button_icon_left color_style_dark\"><span class=\"sc_button_text\"><span class=\"sc_button_title\">Contact us &amp; book<\/span><\/span><!-- \/.sc_button_text --><\/a><!-- \/.sc_button --><\/div><!-- \/.sc_item_button -->\t\t<\/div>\n\t\t\t\t<\/div>\n\t\t\t\t\t\t<\/div>\n\t\t\t\t\t<\/div>\n\t\t<\/div>\n\t\t\t\t\t\t\t\t<\/div>\n\t\t\t\t\t<\/div>\n\t\t<\/section>\n\t\t\t\t\t\t<\/div>\n\t\t\t\t\t<\/div>\n\t\t<\/div>\n\t\t\t\t\t\t\t\t<\/div>\n\t\t\t\t\t<\/div>\n\t\t<\/section>\n\t\t\t\t\t\t\t\t\t<\/div>\n\t\t\t<\/div>\n\t\t\t\t\t<\/div>\n\t\t","protected":false},"excerpt":{"rendered":"<p>Museum Access To reach the museum Preferably park cars and buses and motorhomes on the square in front of the church (300 meters after the pre-signpost &#8220;height limited to 3 m&#8221;). Small VL parking near the museum (P.R.M.).Then continue on foot (2 minutes) by the&hellip;<\/p>\n","protected":false},"author":1,"featured_media":0,"parent":0,"menu_order":0,"comment_status":"closed","ping_status":"closed","template":"","meta":{"_locale":"en_GB","_original_post":"https:\/\/www.pictiweb.com\/dev_\/Musee_Canson\/?page_id=6253","footnotes":""},"class_list":["post-7002","page","type-page","status-publish","hentry","en-GB"],"yoast_head":"<!-- This site is optimized with the Yoast SEO plugin v26.7 - https:\/\/yoast.com\/wordpress\/plugins\/seo\/ -->\n<title>Museum Access - Mus\u00e9e Papeteries Canson &amp; Montgolfier<\/title>\n<meta name=\"description\" content=\"Map and information to access the Canson et Montgolfier Paper Museum located in Dav\u00e9zieux, at the Vidalon Entrepreneurial Pole.\" \/>\n<meta name=\"robots\" content=\"index, follow, max-snippet:-1, max-image-preview:large, max-video-preview:-1\" \/>\n<link rel=\"canonical\" href=\"https:\/\/musee-papeteries-canson-montgolfier.fr\/en\/museum-access\/\" \/>\n<meta property=\"og:locale\" content=\"en_GB\" \/>\n<meta property=\"og:type\" content=\"article\" \/>\n<meta property=\"og:title\" content=\"Museum Access - Mus\u00e9e Papeteries Canson &amp; Montgolfier\" \/>\n<meta property=\"og:description\" content=\"Plan et infos pour acc\u00e9der au Mus\u00e9e du Papier Canson et Montgolfier situ\u00e9 \u00e0 Dav\u00e9zieux, au niveau du P\u00f4le Entrepreneurial de Vidalon.\" \/>\n<meta property=\"og:url\" content=\"https:\/\/musee-papeteries-canson-montgolfier.fr\/en\/museum-access\/\" \/>\n<meta property=\"og:site_name\" content=\"Mus\u00e9e Papeteries Canson &amp; Montgolfier\" \/>\n<meta property=\"article:publisher\" content=\"https:\/\/www.facebook.com\/profile.php?id=100061442874191\" \/>\n<meta property=\"article:modified_time\" content=\"2025-05-09T09:26:03+00:00\" \/>\n<meta property=\"og:image\" content=\"https:\/\/musee-papeteries-canson-montgolfier.fr\/wp-content\/uploads\/2023\/12\/IE-SITE-MUSEE-PAPIER-CANSON-MONTGOLFIER.jpg\" \/>\n\t<meta property=\"og:image:width\" content=\"1200\" \/>\n\t<meta property=\"og:image:height\" content=\"630\" \/>\n\t<meta property=\"og:image:type\" content=\"image\/jpeg\" \/>\n<meta name=\"twitter:card\" content=\"summary_large_image\" \/>\n<meta name=\"twitter:description\" content=\"Plan et infos pour acc\u00e9der au Mus\u00e9e du Papier Canson et Montgolfier situ\u00e9 \u00e0 Dav\u00e9zieux, au niveau du P\u00f4le Entrepreneurial de Vidalon.\" \/>\n<meta name=\"twitter:image\" content=\"https:\/\/musee-papeteries-canson-montgolfier.fr\/wp-content\/uploads\/2023\/12\/IE-SITE-MUSEE-PAPIER-CANSON-MONTGOLFIER.jpg\" \/>\n<meta name=\"twitter:label1\" content=\"Estimated reading time\" \/>\n\t<meta name=\"twitter:data1\" content=\"1 minute\" \/>\n<script type=\"application\/ld+json\" class=\"yoast-schema-graph\">{\"@context\":\"https:\/\/schema.org\",\"@graph\":[{\"@type\":\"WebPage\",\"@id\":\"https:\/\/musee-papeteries-canson-montgolfier.fr\/en\/museum-access\/\",\"url\":\"https:\/\/musee-papeteries-canson-montgolfier.fr\/en\/museum-access\/\",\"name\":\"Museum Access - Mus\u00e9e Papeteries Canson &amp; Montgolfier\",\"isPartOf\":{\"@id\":\"https:\/\/musee-papeteries-canson-montgolfier.fr\/#website\"},\"datePublished\":\"2025-05-09T07:56:29+00:00\",\"dateModified\":\"2025-05-09T09:26:03+00:00\",\"description\":\"Map and information to access the Canson et Montgolfier Paper Museum located in Dav\u00e9zieux, at the Vidalon Entrepreneurial Pole.\",\"breadcrumb\":{\"@id\":\"https:\/\/musee-papeteries-canson-montgolfier.fr\/en\/museum-access\/#breadcrumb\"},\"inLanguage\":\"en-GB\",\"potentialAction\":[{\"@type\":\"ReadAction\",\"target\":[\"https:\/\/musee-papeteries-canson-montgolfier.fr\/en\/museum-access\/\"]}]},{\"@type\":\"BreadcrumbList\",\"@id\":\"https:\/\/musee-papeteries-canson-montgolfier.fr\/en\/museum-access\/#breadcrumb\",\"itemListElement\":[{\"@type\":\"ListItem\",\"position\":1,\"name\":\"Accueil\",\"item\":\"https:\/\/musee-papeteries-canson-montgolfier.fr\/en\/\"},{\"@type\":\"ListItem\",\"position\":2,\"name\":\"Museum Access\"}]},{\"@type\":\"WebSite\",\"@id\":\"https:\/\/musee-papeteries-canson-montgolfier.fr\/#website\",\"url\":\"https:\/\/musee-papeteries-canson-montgolfier.fr\/\",\"name\":\"Mus\u00e9e Papeteries Canson & Montgolfier\",\"description\":\"\",\"publisher\":{\"@id\":\"https:\/\/musee-papeteries-canson-montgolfier.fr\/#organization\"},\"potentialAction\":[{\"@type\":\"SearchAction\",\"target\":{\"@type\":\"EntryPoint\",\"urlTemplate\":\"https:\/\/musee-papeteries-canson-montgolfier.fr\/?s={search_term_string}\"},\"query-input\":{\"@type\":\"PropertyValueSpecification\",\"valueRequired\":true,\"valueName\":\"search_term_string\"}}],\"inLanguage\":\"en-GB\"},{\"@type\":\"Organization\",\"@id\":\"https:\/\/musee-papeteries-canson-montgolfier.fr\/#organization\",\"name\":\"Mus\u00e9e Papeteries Canson et Montgolfier\",\"url\":\"https:\/\/musee-papeteries-canson-montgolfier.fr\/\",\"logo\":{\"@type\":\"ImageObject\",\"inLanguage\":\"en-GB\",\"@id\":\"https:\/\/musee-papeteries-canson-montgolfier.fr\/#\/schema\/logo\/image\/\",\"url\":\"https:\/\/musee-papeteries-canson-montgolfier.fr\/wp-content\/uploads\/2023\/09\/logo-musee-papeteries-canson-montgolfier-vidalon-davezieux-1.png\",\"contentUrl\":\"https:\/\/musee-papeteries-canson-montgolfier.fr\/wp-content\/uploads\/2023\/09\/logo-musee-papeteries-canson-montgolfier-vidalon-davezieux-1.png\",\"width\":600,\"height\":375,\"caption\":\"Mus\u00e9e Papeteries Canson et Montgolfier\"},\"image\":{\"@id\":\"https:\/\/musee-papeteries-canson-montgolfier.fr\/#\/schema\/logo\/image\/\"},\"sameAs\":[\"https:\/\/www.facebook.com\/profile.php?id=100061442874191\"]}]}<\/script>\n<!-- \/ Yoast SEO plugin. -->","yoast_head_json":{"title":"Museum Access - Mus\u00e9e Papeteries Canson &amp; Montgolfier","description":"Map and information to access the Canson et Montgolfier Paper Museum located in Dav\u00e9zieux, at the Vidalon Entrepreneurial Pole.","robots":{"index":"index","follow":"follow","max-snippet":"max-snippet:-1","max-image-preview":"max-image-preview:large","max-video-preview":"max-video-preview:-1"},"canonical":"https:\/\/musee-papeteries-canson-montgolfier.fr\/en\/museum-access\/","og_locale":"en_GB","og_type":"article","og_title":"Museum Access - Mus\u00e9e Papeteries Canson &amp; Montgolfier","og_description":"Plan et infos pour acc\u00e9der au Mus\u00e9e du Papier Canson et Montgolfier situ\u00e9 \u00e0 Dav\u00e9zieux, au niveau du P\u00f4le Entrepreneurial de Vidalon.","og_url":"https:\/\/musee-papeteries-canson-montgolfier.fr\/en\/museum-access\/","og_site_name":"Mus\u00e9e Papeteries Canson &amp; Montgolfier","article_publisher":"https:\/\/www.facebook.com\/profile.php?id=100061442874191","article_modified_time":"2025-05-09T09:26:03+00:00","og_image":[{"width":1200,"height":630,"url":"https:\/\/musee-papeteries-canson-montgolfier.fr\/wp-content\/uploads\/2023\/12\/IE-SITE-MUSEE-PAPIER-CANSON-MONTGOLFIER.jpg","type":"image\/jpeg"}],"twitter_card":"summary_large_image","twitter_description":"Plan et infos pour acc\u00e9der au Mus\u00e9e du Papier Canson et Montgolfier situ\u00e9 \u00e0 Dav\u00e9zieux, au niveau du P\u00f4le Entrepreneurial de Vidalon.","twitter_image":"https:\/\/musee-papeteries-canson-montgolfier.fr\/wp-content\/uploads\/2023\/12\/IE-SITE-MUSEE-PAPIER-CANSON-MONTGOLFIER.jpg","twitter_misc":{"Estimated reading time":"1 minute"},"schema":{"@context":"https:\/\/schema.org","@graph":[{"@type":"WebPage","@id":"https:\/\/musee-papeteries-canson-montgolfier.fr\/en\/museum-access\/","url":"https:\/\/musee-papeteries-canson-montgolfier.fr\/en\/museum-access\/","name":"Museum Access - Mus\u00e9e Papeteries Canson &amp; Montgolfier","isPartOf":{"@id":"https:\/\/musee-papeteries-canson-montgolfier.fr\/#website"},"datePublished":"2025-05-09T07:56:29+00:00","dateModified":"2025-05-09T09:26:03+00:00","description":"Map and information to access the Canson et Montgolfier Paper Museum located in Dav\u00e9zieux, at the Vidalon Entrepreneurial Pole.","breadcrumb":{"@id":"https:\/\/musee-papeteries-canson-montgolfier.fr\/en\/museum-access\/#breadcrumb"},"inLanguage":"en-GB","potentialAction":[{"@type":"ReadAction","target":["https:\/\/musee-papeteries-canson-montgolfier.fr\/en\/museum-access\/"]}]},{"@type":"BreadcrumbList","@id":"https:\/\/musee-papeteries-canson-montgolfier.fr\/en\/museum-access\/#breadcrumb","itemListElement":[{"@type":"ListItem","position":1,"name":"Accueil","item":"https:\/\/musee-papeteries-canson-montgolfier.fr\/en\/"},{"@type":"ListItem","position":2,"name":"Museum Access"}]},{"@type":"WebSite","@id":"https:\/\/musee-papeteries-canson-montgolfier.fr\/#website","url":"https:\/\/musee-papeteries-canson-montgolfier.fr\/","name":"Mus\u00e9e Papeteries Canson & Montgolfier","description":"","publisher":{"@id":"https:\/\/musee-papeteries-canson-montgolfier.fr\/#organization"},"potentialAction":[{"@type":"SearchAction","target":{"@type":"EntryPoint","urlTemplate":"https:\/\/musee-papeteries-canson-montgolfier.fr\/?s={search_term_string}"},"query-input":{"@type":"PropertyValueSpecification","valueRequired":true,"valueName":"search_term_string"}}],"inLanguage":"en-GB"},{"@type":"Organization","@id":"https:\/\/musee-papeteries-canson-montgolfier.fr\/#organization","name":"Mus\u00e9e Papeteries Canson et Montgolfier","url":"https:\/\/musee-papeteries-canson-montgolfier.fr\/","logo":{"@type":"ImageObject","inLanguage":"en-GB","@id":"https:\/\/musee-papeteries-canson-montgolfier.fr\/#\/schema\/logo\/image\/","url":"https:\/\/musee-papeteries-canson-montgolfier.fr\/wp-content\/uploads\/2023\/09\/logo-musee-papeteries-canson-montgolfier-vidalon-davezieux-1.png","contentUrl":"https:\/\/musee-papeteries-canson-montgolfier.fr\/wp-content\/uploads\/2023\/09\/logo-musee-papeteries-canson-montgolfier-vidalon-davezieux-1.png","width":600,"height":375,"caption":"Mus\u00e9e Papeteries Canson et Montgolfier"},"image":{"@id":"https:\/\/musee-papeteries-canson-montgolfier.fr\/#\/schema\/logo\/image\/"},"sameAs":["https:\/\/www.facebook.com\/profile.php?id=100061442874191"]}]}},"_links":{"self":[{"href":"https:\/\/musee-papeteries-canson-montgolfier.fr\/wp-json\/wp\/v2\/pages\/7002","targetHints":{"allow":["GET"]}}],"collection":[{"href":"https:\/\/musee-papeteries-canson-montgolfier.fr\/wp-json\/wp\/v2\/pages"}],"about":[{"href":"https:\/\/musee-papeteries-canson-montgolfier.fr\/wp-json\/wp\/v2\/types\/page"}],"author":[{"embeddable":true,"href":"https:\/\/musee-papeteries-canson-montgolfier.fr\/wp-json\/wp\/v2\/users\/1"}],"replies":[{"embeddable":true,"href":"https:\/\/musee-papeteries-canson-montgolfier.fr\/wp-json\/wp\/v2\/comments?post=7002"}],"version-history":[{"count":7,"href":"https:\/\/musee-papeteries-canson-montgolfier.fr\/wp-json\/wp\/v2\/pages\/7002\/revisions"}],"predecessor-version":[{"id":7010,"href":"https:\/\/musee-papeteries-canson-montgolfier.fr\/wp-json\/wp\/v2\/pages\/7002\/revisions\/7010"}],"wp:attachment":[{"href":"https:\/\/musee-papeteries-canson-montgolfier.fr\/wp-json\/wp\/v2\/media?parent=7002"}],"curies":[{"name":"wp","href":"https:\/\/api.w.org\/{rel}","templated":true}]}}